{"id":186,"date":"2023-01-19T02:01:47","date_gmt":"2023-01-19T02:01:47","guid":{"rendered":"https:\/\/muzejkikinda.org.rs\/?page_id=186"},"modified":"2023-01-30T06:52:52","modified_gmt":"2023-01-30T06:52:52","slug":"o-nama","status":"publish","type":"page","link":"https:\/\/muzejkikinda.org.rs\/en\/o-nama\/","title":{"rendered":"About us"},"content":{"rendered":"<div data-elementor-type=\"wp-page\" data-elementor-id=\"186\" class=\"elementor elementor-186\">\n\t\t\t\t\t\t\t\t\t<section class=\"has_eae_slider elementor-section elementor-top-section elementor-element elementor-element-19078e3c elementor-section-boxed elementor-section-height-default elementor-section-height-default\" data-id=\"19078e3c\" data-element_type=\"section\" data-settings=\"{&quot;background_background&quot;:&quot;classic&quot;,&quot;background_motion_fx_motion_fx_scrolling&quot;:&quot;yes&quot;,&quot;background_motion_fx_scale_effect&quot;:&quot;yes&quot;,&quot;background_motion_fx_scale_speed&quot;:{&quot;unit&quot;:&quot;px&quot;,&quot;size&quot;:2,&quot;sizes&quot;:[]},&quot;background_motion_fx_scale_direction&quot;:&quot;out-in&quot;,&quot;background_motion_fx_scale_range&quot;:{&quot;unit&quot;:&quot;%&quot;,&quot;size&quot;:&quot;&quot;,&quot;sizes&quot;:{&quot;start&quot;:20,&quot;end&quot;:80}},&quot;background_motion_fx_devices&quot;:[&quot;desktop&quot;,&quot;tablet&quot;,&quot;mobile&quot;]}\">\n\t\t\t\t\t\t\t<div class=\"elementor-background-overlay\"><\/div>\n\t\t\t\t\t\t\t<div class=\"elementor-container elementor-column-gap-default\">\n\t\t\t\t\t<div class=\"has_eae_slider elementor-column elementor-col-100 elementor-top-column elementor-element elementor-element-76a12fa5\" data-id=\"76a12fa5\" data-element_type=\"column\">\n\t\t\t<div class=\"elementor-widget-wrap elementor-element-populated\">\n\t\t\t\t\t\t\t\t\t<\/div>\n\t\t<\/div>\n\t\t\t\t\t\t\t<\/div>\n\t\t<\/section>\n\t\t\t\t<section class=\"has_eae_slider elementor-section elementor-top-section elementor-element elementor-element-673176f0 elementor-section-boxed elementor-section-height-default elementor-section-height-default\" data-id=\"673176f0\" data-element_type=\"section\" data-settings=\"{&quot;background_background&quot;:&quot;classic&quot;}\">\n\t\t\t\t\t\t<div class=\"elementor-container elementor-column-gap-default\">\n\t\t\t\t\t<div class=\"has_eae_slider elementor-column elementor-col-100 elementor-top-column elementor-element elementor-element-43779041\" data-id=\"43779041\" data-element_type=\"column\">\n\t\t\t<div class=\"elementor-widget-wrap elementor-element-populated\">\n\t\t\t\t\t\t\t\t<div class=\"elementor-element elementor-element-2e830b0 elementor-widget__width-auto elementor-absolute elementor-hidden-phone elementor-invisible elementor-widget elementor-widget-image\" data-id=\"2e830b0\" data-element_type=\"widget\" data-settings=\"{&quot;motion_fx_motion_fx_mouse&quot;:&quot;yes&quot;,&quot;motion_fx_tilt_effect&quot;:&quot;yes&quot;,&quot;motion_fx_tilt_direction&quot;:&quot;negative&quot;,&quot;motion_fx_tilt_speed&quot;:{&quot;unit&quot;:&quot;px&quot;,&quot;size&quot;:2,&quot;sizes&quot;:[]},&quot;_animation&quot;:&quot;fadeIn&quot;,&quot;_position&quot;:&quot;absolute&quot;}\" data-widget_type=\"image.default\">\n\t\t\t\t<div class=\"elementor-widget-container\">\n\t\t\t<style>\/*! elementor - v3.13.3 - 28-05-2023 *\/\n.elementor-widget-image{text-align:center}.elementor-widget-image a{display:inline-block}.elementor-widget-image a img[src$=\".svg\"]{width:48px}.elementor-widget-image img{vertical-align:middle;display:inline-block}<\/style>\t\t\t\t\t\t\t\t\t\t\t\t<img decoding=\"async\" src=\"https:\/\/muzejkikinda.org.rs\/wp-content\/uploads\/elementor\/thumbs\/decor-about-2-q0vd3gcny13rtvoga26r6yqboyofi54pk2w8g9srjy.png\" title=\"decor-about-2.png\" alt=\"decor-about-2.png\" loading=\"lazy\" \/>\t\t\t\t\t\t\t\t\t\t\t\t\t\t\t<\/div>\n\t\t\t\t<\/div>\n\t\t\t\t<div class=\"elementor-element elementor-element-71d7968a elementor-widget__width-auto elementor-absolute elementor-widget elementor-widget-image\" data-id=\"71d7968a\" data-element_type=\"widget\" data-settings=\"{&quot;_position&quot;:&quot;absolute&quot;}\" data-widget_type=\"image.default\">\n\t\t\t\t<div class=\"elementor-widget-container\">\n\t\t\t\t\t\t\t\t\t\t\t\t\t\t\t<img decoding=\"async\" src=\"https:\/\/muzejkikinda.org.rs\/wp-content\/uploads\/elementor\/thumbs\/decor-about-1-q0vd3i8mpsb778p492yrhudtbz3auph2oyslvabqs2.png\" title=\"decor-about-1.png\" alt=\"decor-about-1.png\" loading=\"lazy\" \/>\t\t\t\t\t\t\t\t\t\t\t\t\t\t\t<\/div>\n\t\t\t\t<\/div>\n\t\t\t\t<section class=\"has_eae_slider elementor-section elementor-inner-section elementor-element elementor-element-36f56e7d elementor-section-boxed elementor-section-height-default elementor-section-height-default\" data-id=\"36f56e7d\" data-element_type=\"section\">\n\t\t\t\t\t\t<div class=\"elementor-container elementor-column-gap-default\">\n\t\t\t\t\t<div class=\"has_eae_slider elementor-column elementor-col-100 elementor-inner-column elementor-element elementor-element-43425cae\" data-id=\"43425cae\" data-element_type=\"column\">\n\t\t\t<div class=\"elementor-widget-wrap elementor-element-populated\">\n\t\t\t\t\t\t\t\t<div class=\"elementor-element elementor-element-62e1f812 animated-fast elementor-invisible elementor-widget elementor-widget-heading\" data-id=\"62e1f812\" data-element_type=\"widget\" data-settings=\"{&quot;_animation&quot;:&quot;fadeInUp&quot;}\" data-widget_type=\"heading.default\">\n\t\t\t\t<div class=\"elementor-widget-container\">\n\t\t\t<style>\/*! elementor - v3.13.3 - 28-05-2023 *\/\n.elementor-heading-title{padding:0;margin:0;line-height:1}.elementor-widget-heading .elementor-heading-title[class*=elementor-size-]>a{color:inherit;font-size:inherit;line-height:inherit}.elementor-widget-heading .elementor-heading-title.elementor-size-small{font-size:15px}.elementor-widget-heading .elementor-heading-title.elementor-size-medium{font-size:19px}.elementor-widget-heading .elementor-heading-title.elementor-size-large{font-size:29px}.elementor-widget-heading .elementor-heading-title.elementor-size-xl{font-size:39px}.elementor-widget-heading .elementor-heading-title.elementor-size-xxl{font-size:59px}<\/style><div class=\"elementor-heading-title elementor-size-default\">Visit our museum<\/div>\t\t<\/div>\n\t\t\t\t<\/div>\n\t\t\t\t<div class=\"elementor-element elementor-element-131968b9 animated-fast elementor-invisible elementor-widget elementor-widget-heading\" data-id=\"131968b9\" data-element_type=\"widget\" data-settings=\"{&quot;_animation&quot;:&quot;fadeInUp&quot;,&quot;_animation_delay&quot;:100}\" data-widget_type=\"heading.default\">\n\t\t\t\t<div class=\"elementor-widget-container\">\n\t\t\t<h2 class=\"elementor-heading-title elementor-size-default\">Welcome to the Kikinnda National Museum <\/h2>\t\t<\/div>\n\t\t\t\t<\/div>\n\t\t\t\t<div class=\"elementor-element elementor-element-2a827d08 animated-fast elementor-invisible elementor-widget elementor-widget-text-editor\" data-id=\"2a827d08\" data-element_type=\"widget\" data-settings=\"{&quot;_animation&quot;:&quot;fadeInUp&quot;,&quot;_animation_delay&quot;:300}\" data-widget_type=\"text-editor.default\">\n\t\t\t\t<div class=\"elementor-widget-container\">\n\t\t\t<style>\/*! elementor - v3.13.3 - 28-05-2023 *\/\n.elementor-widget-text-editor.elementor-drop-cap-view-stacked .elementor-drop-cap{background-color:#69727d;color:#fff}.elementor-widget-text-editor.elementor-drop-cap-view-framed .elementor-drop-cap{color:#69727d;border:3px solid;background-color:transparent}.elementor-widget-text-editor:not(.elementor-drop-cap-view-default) .elementor-drop-cap{margin-top:8px}.elementor-widget-text-editor:not(.elementor-drop-cap-view-default) .elementor-drop-cap-letter{width:1em;height:1em}.elementor-widget-text-editor .elementor-drop-cap{float:left;text-align:center;line-height:1;font-size:50px}.elementor-widget-text-editor .elementor-drop-cap-letter{display:inline-block}<\/style>\t\t\t\t<p>The National Museum of Kikinda was founded on November 7, 1946. It is located in the building of the former Magistrate of the Velikokikind district (Mansion). The museum includes six departments: archaeological, ethnological, historical, naturalistic, artistic and pedagogical departments. The activity is carried out on the territory of the municipalities of Kikinda, \u010coka and Ada.<\/p><p>Since 2006, the museum has kept the original remains of one of the best-preserved mammoth skeletons in Europe.<\/p>\t\t\t\t\t\t<\/div>\n\t\t\t\t<\/div>\n\t\t\t\t<div class=\"elementor-element elementor-element-367dbd2 elementor-widget elementor-widget-image\" data-id=\"367dbd2\" data-element_type=\"widget\" data-widget_type=\"image.default\">\n\t\t\t\t<div class=\"elementor-widget-container\">\n\t\t\t\t\t\t\t\t\t\t\t\t\t\t\t<img loading=\"lazy\" decoding=\"async\" width=\"800\" height=\"535\" src=\"https:\/\/muzejkikinda.org.rs\/wp-content\/uploads\/2023\/01\/zgrada-muzeja-i-arhiva-u-kikindi-1024x685.webp\" class=\"attachment-large size-large wp-image-58\" alt=\"\" srcset=\"https:\/\/muzejkikinda.org.rs\/wp-content\/uploads\/2023\/01\/zgrada-muzeja-i-arhiva-u-kikindi-1024x685.webp 1024w, https:\/\/muzejkikinda.org.rs\/wp-content\/uploads\/2023\/01\/zgrada-muzeja-i-arhiva-u-kikindi-300x201.webp 300w, https:\/\/muzejkikinda.org.rs\/wp-content\/uploads\/2023\/01\/zgrada-muzeja-i-arhiva-u-kikindi-768x514.webp 768w, https:\/\/muzejkikinda.org.rs\/wp-content\/uploads\/2023\/01\/zgrada-muzeja-i-arhiva-u-kikindi-1536x1028.webp 1536w, https:\/\/muzejkikinda.org.rs\/wp-content\/uploads\/2023\/01\/zgrada-muzeja-i-arhiva-u-kikindi.webp 1920w\" sizes=\"auto, (max-width: 800px) 100vw, 800px\" \/>\t\t\t\t\t\t\t\t\t\t\t\t\t\t\t<\/div>\n\t\t\t\t<\/div>\n\t\t\t\t\t<\/div>\n\t\t<\/div>\n\t\t\t\t\t\t\t<\/div>\n\t\t<\/section>\n\t\t\t\t<div class=\"elementor-element elementor-element-7ab236eb elementor-widget__width-auto elementor-absolute elementor-widget elementor-widget-image\" data-id=\"7ab236eb\" data-element_type=\"widget\" data-settings=\"{&quot;_position&quot;:&quot;absolute&quot;}\" data-widget_type=\"image.default\">\n\t\t\t\t<div class=\"elementor-widget-container\">\n\t\t\t\t\t\t\t\t\t\t\t\t\t\t\t<img decoding=\"async\" src=\"https:\/\/muzejkikinda.org.rs\/wp-content\/uploads\/elementor\/thumbs\/decor-3-q0vd3qp2fg74p5vv9vbq9p4j6dbkfw5e5jdzaepm66.png\" title=\"decor-3.png\" alt=\"decor-3.png\" loading=\"lazy\" \/>\t\t\t\t\t\t\t\t\t\t\t\t\t\t\t<\/div>\n\t\t\t\t<\/div>\n\t\t\t\t<div class=\"elementor-element elementor-element-5cf4c514 elementor-widget__width-auto elementor-absolute elementor-hidden-phone elementor-widget elementor-widget-image\" data-id=\"5cf4c514\" data-element_type=\"widget\" data-settings=\"{&quot;motion_fx_motion_fx_mouse&quot;:&quot;yes&quot;,&quot;motion_fx_tilt_effect&quot;:&quot;yes&quot;,&quot;motion_fx_tilt_speed&quot;:{&quot;unit&quot;:&quot;px&quot;,&quot;size&quot;:1.5,&quot;sizes&quot;:[]},&quot;_position&quot;:&quot;absolute&quot;}\" data-widget_type=\"image.default\">\n\t\t\t\t<div class=\"elementor-widget-container\">\n\t\t\t\t\t\t\t\t\t\t\t\t\t\t\t<img decoding=\"async\" src=\"https:\/\/muzejkikinda.org.rs\/wp-content\/uploads\/elementor\/thumbs\/deor-4-q0vd3skj276fns7s0pdzi8ikveg9arrx28njxojpvg.png\" title=\"deor-4.png\" alt=\"deor-4.png\" loading=\"lazy\" \/>\t\t\t\t\t\t\t\t\t\t\t\t\t\t\t<\/div>\n\t\t\t\t<\/div>\n\t\t\t\t\t<\/div>\n\t\t<\/div>\n\t\t\t\t\t\t\t<\/div>\n\t\t<\/section>\n\t\t\t\t\t\t\t<\/div>","protected":false},"excerpt":{"rendered":"<p>Posetite na\u0161 muzej Dobrodo\u0161li u narodni muzej Kikinnda Narodni muzej Kikinda osnovan je 7. novembra 1946. godine. Nalazi se u zgradi nekada\u0161njeg Magistrata Velikokikindskog di\u0161trikta(Kurija). Muzej obuhvata \u0161est odeljenja: arheolo\u0161ko, etnolo\u0161ko, istorijsko, prirodnja\u010dko, umetni\u010dko i pedago\u0161ko odeljenje. Delatnost vr\u0161i na teritoriji op\u0161tine Kikinda, \u010coka i Ada. Od 2006. godine u muzeju se \u010duvaju originalni ostaci [&hellip;]<\/p>","protected":false},"author":1,"featured_media":0,"parent":0,"menu_order":0,"comment_status":"closed","ping_status":"closed","template":"elementor_header_footer","meta":{"footnotes":""},"class_list":["post-186","page","type-page","status-publish","hentry"],"_links":{"self":[{"href":"https:\/\/muzejkikinda.org.rs\/en\/wp-json\/wp\/v2\/pages\/186","targetHints":{"allow":["GET"]}}],"collection":[{"href":"https:\/\/muzejkikinda.org.rs\/en\/wp-json\/wp\/v2\/pages"}],"about":[{"href":"https:\/\/muzejkikinda.org.rs\/en\/wp-json\/wp\/v2\/types\/page"}],"author":[{"embeddable":true,"href":"https:\/\/muzejkikinda.org.rs\/en\/wp-json\/wp\/v2\/users\/1"}],"replies":[{"embeddable":true,"href":"https:\/\/muzejkikinda.org.rs\/en\/wp-json\/wp\/v2\/comments?post=186"}],"version-history":[{"count":10,"href":"https:\/\/muzejkikinda.org.rs\/en\/wp-json\/wp\/v2\/pages\/186\/revisions"}],"predecessor-version":[{"id":391,"href":"https:\/\/muzejkikinda.org.rs\/en\/wp-json\/wp\/v2\/pages\/186\/revisions\/391"}],"wp:attachment":[{"href":"https:\/\/muzejkikinda.org.rs\/en\/wp-json\/wp\/v2\/media?parent=186"}],"curies":[{"name":"wp","href":"https:\/\/api.w.org\/{rel}","templated":true}]}}